{"id":328,"date":"2024-02-01T17:32:28","date_gmt":"2024-02-01T17:32:28","guid":{"rendered":"https:\/\/westarrealestate.ca\/buyers\/"},"modified":"2024-06-12T19:25:46","modified_gmt":"2024-06-12T19:25:46","slug":"acheteurs","status":"publish","type":"page","link":"https:\/\/westarrealestate.ca\/fr\/acheteurs\/","title":{"rendered":"Acheteurs"},"content":{"rendered":"<p>Aidez-moi \u00e0 concr\u00e9tiser votre projet d&rsquo;achat en remplissant ce formulaire. Je vous contacterai et vous aiderai, quel que soit votre projet. Vous trouverez ci-dessous le Guide de l&rsquo;acheteur, qui vous aidera tout au long du processus d&rsquo;achat de votre bien immobilier. Il vous donnera \u00e9galement des conseils pour que votre transaction soit la plus satisfaisante possible.<\/p>\n<ul>\n<li>Acheter ou vendre au juste prix<\/li>\n<li>B\u00e9n\u00e9ficier de ma compr\u00e9hension des documents et proc\u00e9dures juridiques<\/li>\n<li>B\u00e9n\u00e9ficier d&rsquo;une s\u00e9curit\u00e9 et d&rsquo;une protection accrues<\/li>\n<li>\u00catre accompagn\u00e9 \u00e0 chaque \u00e9tape de la transaction<\/li>\n<li>S&rsquo;assurer d&rsquo;obtenir des informations pr\u00e9cises sur le bien<\/li>\n<li>B\u00e9n\u00e9ficier de mes nombreuses comp\u00e9tences<\/li>\n<li>Gagner du temps, des efforts et de l&rsquo;\u00e9nergie<\/li>\n<\/ul>\n","protected":false},"excerpt":{"rendered":"<p>Aidez-moi \u00e0 concr\u00e9tiser votre projet d&rsquo;achat en remplissant ce formulaire. Je vous contacterai et vous aiderai, quel que soit votre [&hellip;]<\/p>\n","protected":false},"author":47,"featured_media":271,"parent":0,"menu_order":0,"comment_status":"closed","ping_status":"closed","template":"template-buysell.php","meta":{"_acf_changed":false,"inline_featured_image":false,"footnotes":""},"class_list":["post-328","page","type-page","status-publish","has-post-thumbnail","hentry"],"acf":[],"yoast_head":"<!-- This site is optimized with the Yoast SEO plugin v26.2 - https:\/\/yoast.com\/wordpress\/plugins\/seo\/ -->\n<title>Acheteurs - WeStar - Agence immobili\u00e8re<\/title>\n<meta name=\"robots\" content=\"index, follow, max-snippet:-1, max-image-preview:large, max-video-preview:-1\" \/>\n<link rel=\"canonical\" href=\"https:\/\/westarrealestate.ca\/fr\/acheteurs\/\" \/>\n<meta property=\"og:locale\" content=\"fr_FR\" \/>\n<meta property=\"og:type\" content=\"article\" \/>\n<meta property=\"og:title\" content=\"Acheteurs - WeStar - Agence immobili\u00e8re\" \/>\n<meta property=\"og:description\" content=\"Aidez-moi \u00e0 concr\u00e9tiser votre projet d&rsquo;achat en remplissant ce formulaire. Je vous contacterai et vous aiderai, quel que soit votre [&hellip;]\" \/>\n<meta property=\"og:url\" content=\"https:\/\/westarrealestate.ca\/fr\/acheteurs\/\" \/>\n<meta property=\"og:site_name\" content=\"WeStar\" \/>\n<meta property=\"article:modified_time\" content=\"2024-06-12T19:25:46+00:00\" \/>\n<meta property=\"og:image\" content=\"https:\/\/westarrealestate.ca\/wp-content\/uploads\/2024\/01\/family-1.jpg\" \/>\n\t<meta property=\"og:image:width\" content=\"2000\" \/>\n\t<meta property=\"og:image:height\" content=\"1333\" \/>\n\t<meta property=\"og:image:type\" content=\"image\/jpeg\" \/>\n<meta name=\"twitter:card\" content=\"summary_large_image\" \/>\n<meta name=\"twitter:label1\" content=\"Dur\u00e9e de lecture estim\u00e9e\" \/>\n\t<meta name=\"twitter:data1\" content=\"1 minute\" \/>\n<script type=\"application\/ld+json\" class=\"yoast-schema-graph\">{\"@context\":\"https:\/\/schema.org\",\"@graph\":[{\"@type\":\"WebPage\",\"@id\":\"https:\/\/westarrealestate.ca\/fr\/acheteurs\/\",\"url\":\"https:\/\/westarrealestate.ca\/fr\/acheteurs\/\",\"name\":\"Acheteurs - WeStar - Agence immobili\u00e8re\",\"isPartOf\":{\"@id\":\"https:\/\/westarrealestate.ca\/#website\"},\"primaryImageOfPage\":{\"@id\":\"https:\/\/westarrealestate.ca\/fr\/acheteurs\/#primaryimage\"},\"image\":{\"@id\":\"https:\/\/westarrealestate.ca\/fr\/acheteurs\/#primaryimage\"},\"thumbnailUrl\":\"https:\/\/westarrealestate.ca\/wp-content\/uploads\/2024\/01\/family-1.jpg\",\"datePublished\":\"2024-02-01T17:32:28+00:00\",\"dateModified\":\"2024-06-12T19:25:46+00:00\",\"inLanguage\":\"fr-FR\",\"potentialAction\":[{\"@type\":\"ReadAction\",\"target\":[\"https:\/\/westarrealestate.ca\/fr\/acheteurs\/\"]}]},{\"@type\":\"ImageObject\",\"inLanguage\":\"fr-FR\",\"@id\":\"https:\/\/westarrealestate.ca\/fr\/acheteurs\/#primaryimage\",\"url\":\"https:\/\/westarrealestate.ca\/wp-content\/uploads\/2024\/01\/family-1.jpg\",\"contentUrl\":\"https:\/\/westarrealestate.ca\/wp-content\/uploads\/2024\/01\/family-1.jpg\",\"width\":2000,\"height\":1333},{\"@type\":\"WebSite\",\"@id\":\"https:\/\/westarrealestate.ca\/#website\",\"url\":\"https:\/\/westarrealestate.ca\/\",\"name\":\"WeStar\",\"description\":\"Agence immobili\u00e8re\",\"publisher\":{\"@id\":\"https:\/\/westarrealestate.ca\/#organization\"},\"potentialAction\":[{\"@type\":\"SearchAction\",\"target\":{\"@type\":\"EntryPoint\",\"urlTemplate\":\"https:\/\/westarrealestate.ca\/?s={search_term_string}\"},\"query-input\":{\"@type\":\"PropertyValueSpecification\",\"valueRequired\":true,\"valueName\":\"search_term_string\"}}],\"inLanguage\":\"fr-FR\"},{\"@type\":\"Organization\",\"@id\":\"https:\/\/westarrealestate.ca\/#organization\",\"name\":\"WeStar\",\"url\":\"https:\/\/westarrealestate.ca\/\",\"logo\":{\"@type\":\"ImageObject\",\"inLanguage\":\"fr-FR\",\"@id\":\"https:\/\/westarrealestate.ca\/#\/schema\/logo\/image\/\",\"url\":\"https:\/\/westarrealestate.ca\/wp-content\/uploads\/2024\/01\/black-logo.png\",\"contentUrl\":\"https:\/\/westarrealestate.ca\/wp-content\/uploads\/2024\/01\/black-logo.png\",\"width\":1200,\"height\":380,\"caption\":\"WeStar\"},\"image\":{\"@id\":\"https:\/\/westarrealestate.ca\/#\/schema\/logo\/image\/\"}}]}<\/script>\n<!-- \/ Yoast SEO plugin. -->","yoast_head_json":{"title":"Acheteurs - WeStar - Agence immobili\u00e8re","robots":{"index":"index","follow":"follow","max-snippet":"max-snippet:-1","max-image-preview":"max-image-preview:large","max-video-preview":"max-video-preview:-1"},"canonical":"https:\/\/westarrealestate.ca\/fr\/acheteurs\/","og_locale":"fr_FR","og_type":"article","og_title":"Acheteurs - WeStar - Agence immobili\u00e8re","og_description":"Aidez-moi \u00e0 concr\u00e9tiser votre projet d&rsquo;achat en remplissant ce formulaire. Je vous contacterai et vous aiderai, quel que soit votre [&hellip;]","og_url":"https:\/\/westarrealestate.ca\/fr\/acheteurs\/","og_site_name":"WeStar","article_modified_time":"2024-06-12T19:25:46+00:00","og_image":[{"width":2000,"height":1333,"url":"https:\/\/westarrealestate.ca\/wp-content\/uploads\/2024\/01\/family-1.jpg","type":"image\/jpeg"}],"twitter_card":"summary_large_image","twitter_misc":{"Dur\u00e9e de lecture estim\u00e9e":"1 minute"},"schema":{"@context":"https:\/\/schema.org","@graph":[{"@type":"WebPage","@id":"https:\/\/westarrealestate.ca\/fr\/acheteurs\/","url":"https:\/\/westarrealestate.ca\/fr\/acheteurs\/","name":"Acheteurs - WeStar - Agence immobili\u00e8re","isPartOf":{"@id":"https:\/\/westarrealestate.ca\/#website"},"primaryImageOfPage":{"@id":"https:\/\/westarrealestate.ca\/fr\/acheteurs\/#primaryimage"},"image":{"@id":"https:\/\/westarrealestate.ca\/fr\/acheteurs\/#primaryimage"},"thumbnailUrl":"https:\/\/westarrealestate.ca\/wp-content\/uploads\/2024\/01\/family-1.jpg","datePublished":"2024-02-01T17:32:28+00:00","dateModified":"2024-06-12T19:25:46+00:00","inLanguage":"fr-FR","potentialAction":[{"@type":"ReadAction","target":["https:\/\/westarrealestate.ca\/fr\/acheteurs\/"]}]},{"@type":"ImageObject","inLanguage":"fr-FR","@id":"https:\/\/westarrealestate.ca\/fr\/acheteurs\/#primaryimage","url":"https:\/\/westarrealestate.ca\/wp-content\/uploads\/2024\/01\/family-1.jpg","contentUrl":"https:\/\/westarrealestate.ca\/wp-content\/uploads\/2024\/01\/family-1.jpg","width":2000,"height":1333},{"@type":"WebSite","@id":"https:\/\/westarrealestate.ca\/#website","url":"https:\/\/westarrealestate.ca\/","name":"WeStar","description":"Agence immobili\u00e8re","publisher":{"@id":"https:\/\/westarrealestate.ca\/#organization"},"potentialAction":[{"@type":"SearchAction","target":{"@type":"EntryPoint","urlTemplate":"https:\/\/westarrealestate.ca\/?s={search_term_string}"},"query-input":{"@type":"PropertyValueSpecification","valueRequired":true,"valueName":"search_term_string"}}],"inLanguage":"fr-FR"},{"@type":"Organization","@id":"https:\/\/westarrealestate.ca\/#organization","name":"WeStar","url":"https:\/\/westarrealestate.ca\/","logo":{"@type":"ImageObject","inLanguage":"fr-FR","@id":"https:\/\/westarrealestate.ca\/#\/schema\/logo\/image\/","url":"https:\/\/westarrealestate.ca\/wp-content\/uploads\/2024\/01\/black-logo.png","contentUrl":"https:\/\/westarrealestate.ca\/wp-content\/uploads\/2024\/01\/black-logo.png","width":1200,"height":380,"caption":"WeStar"},"image":{"@id":"https:\/\/westarrealestate.ca\/#\/schema\/logo\/image\/"}}]}},"_links":{"self":[{"href":"https:\/\/westarrealestate.ca\/fr\/wp-json\/wp\/v2\/pages\/328","targetHints":{"allow":["GET"]}}],"collection":[{"href":"https:\/\/westarrealestate.ca\/fr\/wp-json\/wp\/v2\/pages"}],"about":[{"href":"https:\/\/westarrealestate.ca\/fr\/wp-json\/wp\/v2\/types\/page"}],"author":[{"embeddable":true,"href":"https:\/\/westarrealestate.ca\/fr\/wp-json\/wp\/v2\/users\/47"}],"replies":[{"embeddable":true,"href":"https:\/\/westarrealestate.ca\/fr\/wp-json\/wp\/v2\/comments?post=328"}],"version-history":[{"count":3,"href":"https:\/\/westarrealestate.ca\/fr\/wp-json\/wp\/v2\/pages\/328\/revisions"}],"predecessor-version":[{"id":883,"href":"https:\/\/westarrealestate.ca\/fr\/wp-json\/wp\/v2\/pages\/328\/revisions\/883"}],"wp:featuredmedia":[{"embeddable":true,"href":"https:\/\/westarrealestate.ca\/fr\/wp-json\/wp\/v2\/media\/271"}],"wp:attachment":[{"href":"https:\/\/westarrealestate.ca\/fr\/wp-json\/wp\/v2\/media?parent=328"}],"curies":[{"name":"wp","href":"https:\/\/api.w.org\/{rel}","templated":true}]}}