{"id":287,"date":"2024-02-01T18:09:34","date_gmt":"2024-02-01T18:09:34","guid":{"rendered":"https:\/\/westarrealestate.ca\/sellers\/"},"modified":"2024-06-13T14:27:08","modified_gmt":"2024-06-13T14:27:08","slug":"vendeurs","status":"publish","type":"page","link":"https:\/\/westarrealestate.ca\/fr\/vendeurs\/","title":{"rendered":"Vendeurs"},"content":{"rendered":"<p>Recevez avec cette estimation gratuite le Guide du vendeur, plein de conseils pratiques sur la fa\u00e7on de vendre votre maison avec succ\u00e8s.<\/p>\n<ul>\n<li>Vendre \u00e0 un prix \u00e9quitable<\/li>\n<li>B\u00e9n\u00e9ficier de notre compr\u00e9hension des documents et des proc\u00e9dures l\u00e9gales<\/li>\n<li>Maximiser la visibilit\u00e9 et l&rsquo;achalandage de votre propri\u00e9t\u00e9<\/li>\n<li>Acc\u00e9der \u00e0 la plus grande base de donn\u00e9es au Qu\u00e9bec<\/li>\n<li>B\u00e9n\u00e9ficier d&rsquo;une s\u00e9curit\u00e9 et d&rsquo;une protection accrues<\/li>\n<li>\u00catre accompagn\u00e9 \u00e0 toutes les \u00e9tapes de la transaction<\/li>\n<li>Traiter avec des acheteurs s\u00e9rieux<\/li>\n<li>B\u00e9n\u00e9ficier de nos nombreuses comp\u00e9tences<\/li>\n<li>\u00c9conomiser temps, efforts et \u00e9nergie<\/li>\n<\/ul>\n","protected":false},"excerpt":{"rendered":"<p>Recevez avec cette estimation gratuite le Guide du vendeur, plein de conseils pratiques sur la fa\u00e7on de vendre votre maison [&hellip;]<\/p>\n","protected":false},"author":47,"featured_media":913,"parent":0,"menu_order":0,"comment_status":"closed","ping_status":"closed","template":"template-buysell.php","meta":{"_acf_changed":false,"inline_featured_image":false,"footnotes":""},"class_list":["post-287","page","type-page","status-publish","has-post-thumbnail","hentry"],"acf":[],"yoast_head":"<!-- This site is optimized with the Yoast SEO plugin v26.2 - https:\/\/yoast.com\/wordpress\/plugins\/seo\/ -->\n<title>Vendeurs - WeStar - Agence immobili\u00e8re<\/title>\n<meta name=\"robots\" content=\"index, follow, max-snippet:-1, max-image-preview:large, max-video-preview:-1\" \/>\n<link rel=\"canonical\" href=\"https:\/\/westarrealestate.ca\/fr\/vendeurs\/\" \/>\n<meta property=\"og:locale\" content=\"fr_FR\" \/>\n<meta property=\"og:type\" content=\"article\" \/>\n<meta property=\"og:title\" content=\"Vendeurs - WeStar - Agence immobili\u00e8re\" \/>\n<meta property=\"og:description\" content=\"Recevez avec cette estimation gratuite le Guide du vendeur, plein de conseils pratiques sur la fa\u00e7on de vendre votre maison [&hellip;]\" \/>\n<meta property=\"og:url\" content=\"https:\/\/westarrealestate.ca\/fr\/vendeurs\/\" \/>\n<meta property=\"og:site_name\" content=\"WeStar\" \/>\n<meta property=\"article:modified_time\" content=\"2024-06-13T14:27:08+00:00\" \/>\n<meta property=\"og:image\" content=\"https:\/\/westarrealestate.ca\/wp-content\/uploads\/2024\/06\/living-room-1.webp\" \/>\n\t<meta property=\"og:image:width\" content=\"2048\" \/>\n\t<meta property=\"og:image:height\" content=\"1365\" \/>\n\t<meta property=\"og:image:type\" content=\"image\/webp\" \/>\n<meta name=\"twitter:card\" content=\"summary_large_image\" \/>\n<meta name=\"twitter:label1\" content=\"Dur\u00e9e de lecture estim\u00e9e\" \/>\n\t<meta name=\"twitter:data1\" content=\"1 minute\" \/>\n<script type=\"application\/ld+json\" class=\"yoast-schema-graph\">{\"@context\":\"https:\/\/schema.org\",\"@graph\":[{\"@type\":\"WebPage\",\"@id\":\"https:\/\/westarrealestate.ca\/fr\/vendeurs\/\",\"url\":\"https:\/\/westarrealestate.ca\/fr\/vendeurs\/\",\"name\":\"Vendeurs - WeStar - Agence immobili\u00e8re\",\"isPartOf\":{\"@id\":\"https:\/\/westarrealestate.ca\/#website\"},\"primaryImageOfPage\":{\"@id\":\"https:\/\/westarrealestate.ca\/fr\/vendeurs\/#primaryimage\"},\"image\":{\"@id\":\"https:\/\/westarrealestate.ca\/fr\/vendeurs\/#primaryimage\"},\"thumbnailUrl\":\"https:\/\/westarrealestate.ca\/wp-content\/uploads\/2024\/06\/living-room-1.webp\",\"datePublished\":\"2024-02-01T18:09:34+00:00\",\"dateModified\":\"2024-06-13T14:27:08+00:00\",\"inLanguage\":\"fr-FR\",\"potentialAction\":[{\"@type\":\"ReadAction\",\"target\":[\"https:\/\/westarrealestate.ca\/fr\/vendeurs\/\"]}]},{\"@type\":\"ImageObject\",\"inLanguage\":\"fr-FR\",\"@id\":\"https:\/\/westarrealestate.ca\/fr\/vendeurs\/#primaryimage\",\"url\":\"https:\/\/westarrealestate.ca\/wp-content\/uploads\/2024\/06\/living-room-1.webp\",\"contentUrl\":\"https:\/\/westarrealestate.ca\/wp-content\/uploads\/2024\/06\/living-room-1.webp\",\"width\":2048,\"height\":1365},{\"@type\":\"WebSite\",\"@id\":\"https:\/\/westarrealestate.ca\/#website\",\"url\":\"https:\/\/westarrealestate.ca\/\",\"name\":\"WeStar\",\"description\":\"Agence immobili\u00e8re\",\"publisher\":{\"@id\":\"https:\/\/westarrealestate.ca\/#organization\"},\"potentialAction\":[{\"@type\":\"SearchAction\",\"target\":{\"@type\":\"EntryPoint\",\"urlTemplate\":\"https:\/\/westarrealestate.ca\/?s={search_term_string}\"},\"query-input\":{\"@type\":\"PropertyValueSpecification\",\"valueRequired\":true,\"valueName\":\"search_term_string\"}}],\"inLanguage\":\"fr-FR\"},{\"@type\":\"Organization\",\"@id\":\"https:\/\/westarrealestate.ca\/#organization\",\"name\":\"WeStar\",\"url\":\"https:\/\/westarrealestate.ca\/\",\"logo\":{\"@type\":\"ImageObject\",\"inLanguage\":\"fr-FR\",\"@id\":\"https:\/\/westarrealestate.ca\/#\/schema\/logo\/image\/\",\"url\":\"https:\/\/westarrealestate.ca\/wp-content\/uploads\/2024\/01\/black-logo.png\",\"contentUrl\":\"https:\/\/westarrealestate.ca\/wp-content\/uploads\/2024\/01\/black-logo.png\",\"width\":1200,\"height\":380,\"caption\":\"WeStar\"},\"image\":{\"@id\":\"https:\/\/westarrealestate.ca\/#\/schema\/logo\/image\/\"}}]}<\/script>\n<!-- \/ Yoast SEO plugin. -->","yoast_head_json":{"title":"Vendeurs - WeStar - Agence immobili\u00e8re","robots":{"index":"index","follow":"follow","max-snippet":"max-snippet:-1","max-image-preview":"max-image-preview:large","max-video-preview":"max-video-preview:-1"},"canonical":"https:\/\/westarrealestate.ca\/fr\/vendeurs\/","og_locale":"fr_FR","og_type":"article","og_title":"Vendeurs - WeStar - Agence immobili\u00e8re","og_description":"Recevez avec cette estimation gratuite le Guide du vendeur, plein de conseils pratiques sur la fa\u00e7on de vendre votre maison [&hellip;]","og_url":"https:\/\/westarrealestate.ca\/fr\/vendeurs\/","og_site_name":"WeStar","article_modified_time":"2024-06-13T14:27:08+00:00","og_image":[{"width":2048,"height":1365,"url":"https:\/\/westarrealestate.ca\/wp-content\/uploads\/2024\/06\/living-room-1.webp","type":"image\/webp"}],"twitter_card":"summary_large_image","twitter_misc":{"Dur\u00e9e de lecture estim\u00e9e":"1 minute"},"schema":{"@context":"https:\/\/schema.org","@graph":[{"@type":"WebPage","@id":"https:\/\/westarrealestate.ca\/fr\/vendeurs\/","url":"https:\/\/westarrealestate.ca\/fr\/vendeurs\/","name":"Vendeurs - WeStar - Agence immobili\u00e8re","isPartOf":{"@id":"https:\/\/westarrealestate.ca\/#website"},"primaryImageOfPage":{"@id":"https:\/\/westarrealestate.ca\/fr\/vendeurs\/#primaryimage"},"image":{"@id":"https:\/\/westarrealestate.ca\/fr\/vendeurs\/#primaryimage"},"thumbnailUrl":"https:\/\/westarrealestate.ca\/wp-content\/uploads\/2024\/06\/living-room-1.webp","datePublished":"2024-02-01T18:09:34+00:00","dateModified":"2024-06-13T14:27:08+00:00","inLanguage":"fr-FR","potentialAction":[{"@type":"ReadAction","target":["https:\/\/westarrealestate.ca\/fr\/vendeurs\/"]}]},{"@type":"ImageObject","inLanguage":"fr-FR","@id":"https:\/\/westarrealestate.ca\/fr\/vendeurs\/#primaryimage","url":"https:\/\/westarrealestate.ca\/wp-content\/uploads\/2024\/06\/living-room-1.webp","contentUrl":"https:\/\/westarrealestate.ca\/wp-content\/uploads\/2024\/06\/living-room-1.webp","width":2048,"height":1365},{"@type":"WebSite","@id":"https:\/\/westarrealestate.ca\/#website","url":"https:\/\/westarrealestate.ca\/","name":"WeStar","description":"Agence immobili\u00e8re","publisher":{"@id":"https:\/\/westarrealestate.ca\/#organization"},"potentialAction":[{"@type":"SearchAction","target":{"@type":"EntryPoint","urlTemplate":"https:\/\/westarrealestate.ca\/?s={search_term_string}"},"query-input":{"@type":"PropertyValueSpecification","valueRequired":true,"valueName":"search_term_string"}}],"inLanguage":"fr-FR"},{"@type":"Organization","@id":"https:\/\/westarrealestate.ca\/#organization","name":"WeStar","url":"https:\/\/westarrealestate.ca\/","logo":{"@type":"ImageObject","inLanguage":"fr-FR","@id":"https:\/\/westarrealestate.ca\/#\/schema\/logo\/image\/","url":"https:\/\/westarrealestate.ca\/wp-content\/uploads\/2024\/01\/black-logo.png","contentUrl":"https:\/\/westarrealestate.ca\/wp-content\/uploads\/2024\/01\/black-logo.png","width":1200,"height":380,"caption":"WeStar"},"image":{"@id":"https:\/\/westarrealestate.ca\/#\/schema\/logo\/image\/"}}]}},"_links":{"self":[{"href":"https:\/\/westarrealestate.ca\/fr\/wp-json\/wp\/v2\/pages\/287","targetHints":{"allow":["GET"]}}],"collection":[{"href":"https:\/\/westarrealestate.ca\/fr\/wp-json\/wp\/v2\/pages"}],"about":[{"href":"https:\/\/westarrealestate.ca\/fr\/wp-json\/wp\/v2\/types\/page"}],"author":[{"embeddable":true,"href":"https:\/\/westarrealestate.ca\/fr\/wp-json\/wp\/v2\/users\/47"}],"replies":[{"embeddable":true,"href":"https:\/\/westarrealestate.ca\/fr\/wp-json\/wp\/v2\/comments?post=287"}],"version-history":[{"count":5,"href":"https:\/\/westarrealestate.ca\/fr\/wp-json\/wp\/v2\/pages\/287\/revisions"}],"predecessor-version":[{"id":918,"href":"https:\/\/westarrealestate.ca\/fr\/wp-json\/wp\/v2\/pages\/287\/revisions\/918"}],"wp:featuredmedia":[{"embeddable":true,"href":"https:\/\/westarrealestate.ca\/fr\/wp-json\/wp\/v2\/media\/913"}],"wp:attachment":[{"href":"https:\/\/westarrealestate.ca\/fr\/wp-json\/wp\/v2\/media?parent=287"}],"curies":[{"name":"wp","href":"https:\/\/api.w.org\/{rel}","templated":true}]}}